{"id":6524,"date":"2017-06-17T18:30:51","date_gmt":"2017-06-17T16:30:51","guid":{"rendered":"https:\/\/www.sonicdesign.ch\/pd\/?page_id=6524"},"modified":"2023-03-18T08:56:44","modified_gmt":"2023-03-18T07:56:44","slug":"order","status":"publish","type":"page","link":"https:\/\/www.sonicdesign.ch\/pd\/order\/","title":{"rendered":"PORTER &#038; DAVIES BESTELLUNG"},"content":{"rendered":"\n<!-- the tabs --><ul class=\"ut-nav-tabs clearfix\"><li class=\"active\"><a href=\"#t1Tab\" data-toggle=\"tab\">EINZELBESTELLUNG<\/a><\/li>\n<li ><a href=\"#t2Tab\" data-toggle=\"tab\">GESCHENKGUTSCHEINE<\/a><\/li>\n<li ><a href=\"#t3Tab\" data-toggle=\"tab\">BEZAHLEN<\/a><\/li><\/ul>\n<!-- tab \"panes\" --><div class=\"ut-tab-content entry-content clearfix\"><div class=\"tab-pane active  clearfix\" id=\"t1Tab\">\n\n<div class=\"wpcf7 no-js\" id=\"wpcf7-f6566-o1\" lang=\"de-DE\" dir=\"ltr\" data-wpcf7-id=\"6566\">\n<div class=\"screen-reader-response\"><p role=\"status\" aria-live=\"polite\" aria-atomic=\"true\"><\/p> <ul><\/ul><\/div>\n<form action=\"\/pd\/wp-json\/wp\/v2\/pages\/6524#wpcf7-f6566-o1\" method=\"post\" class=\"wpcf7-form init\" aria-label=\"Kontaktformular\" novalidate=\"novalidate\" data-status=\"init\">\n<fieldset class=\"hidden-fields-container\"><input type=\"hidden\" name=\"_wpcf7\" value=\"6566\" \/><input type=\"hidden\" name=\"_wpcf7_version\" value=\"6.1.5\" \/><input type=\"hidden\" name=\"_wpcf7_locale\" value=\"de_DE\" \/><input type=\"hidden\" name=\"_wpcf7_unit_tag\" value=\"wpcf7-f6566-o1\" \/><input type=\"hidden\" name=\"_wpcf7_container_post\" value=\"0\" \/><input type=\"hidden\" name=\"_wpcf7_posted_data_hash\" value=\"\" \/><input type=\"hidden\" name=\"_wpcf7_recaptcha_response\" value=\"\" \/>\n<\/fieldset>\n<span class=\"wpcf7-form-control-wrap\" data-name=\"checkbox-225\"><span class=\"wpcf7-form-control wpcf7-checkbox wpcf7-exclusive-checkbox\"><span class=\"wpcf7-list-item first last\"><input type=\"checkbox\" name=\"checkbox-225\" value=\"Ich bestelle f\u00fcr mich\" \/><span class=\"wpcf7-list-item-label\">Ich bestelle f\u00fcr mich<\/span><\/span><\/span><\/span>\n<span class=\"wpcf7-form-control-wrap\" data-name=\"checkbox-205\"><span class=\"wpcf7-form-control wpcf7-checkbox wpcf7-exclusive-checkbox\"><span class=\"wpcf7-list-item first last\"><input type=\"checkbox\" name=\"checkbox-205\" value=\"Ich m\u00f6chte jemandem ein Geschenk machen (falls Gutschein gew\u00fcnscht, bitte auch Tab &#039;Geschenkgutscheine&#039; ausf\u00fcllen)\" \/><span class=\"wpcf7-list-item-label\">Ich m\u00f6chte jemandem ein Geschenk machen (falls Gutschein gew\u00fcnscht, bitte auch Tab &#039;Geschenkgutscheine&#039; ausf\u00fcllen)<\/span><\/span><\/span><\/span>\n&nbsp <br \/>\n\n<b>Angaben zur Person, welche die Porter & Davies Produkte einsetzen wird (*=Pflichtfelder):<\/b>\n&nbsp <br \/>\n<span class=\"wpcf7-form-control-wrap\" data-name=\"checkbox-56\"><span class=\"wpcf7-form-control wpcf7-checkbox wpcf7-validates-as-required wpcf7-exclusive-checkbox\"><span class=\"wpcf7-list-item first\"><input type=\"checkbox\" name=\"checkbox-56\" value=\"*Herr\" \/><span class=\"wpcf7-list-item-label\">*Herr<\/span><\/span><span class=\"wpcf7-list-item last\"><input type=\"checkbox\" name=\"checkbox-56\" value=\"*Frau\" \/><span class=\"wpcf7-list-item-label\">*Frau<\/span><\/span><\/span><\/span>\n\n<span class=\"wpcf7-form-control-wrap\" data-name=\"Name_Wearer\"><input size=\"40\" maxlength=\"400\" class=\"wpcf7-form-control wpcf7-text wpcf7-validates-as-required\" aria-required=\"true\" aria-invalid=\"false\" placeholder=\"*Vor- und Nachname\" value=\"\" type=\"text\" name=\"Name_Wearer\" \/><\/span>\n\n<span class=\"wpcf7-form-control-wrap\" data-name=\"Email_Wearer\"><input size=\"40\" maxlength=\"400\" class=\"wpcf7-form-control wpcf7-email wpcf7-validates-as-required wpcf7-text wpcf7-validates-as-email\" aria-required=\"true\" aria-invalid=\"false\" placeholder=\"*E-Mail\" value=\"\" type=\"email\" name=\"Email_Wearer\" \/><\/span>\n\n<span class=\"wpcf7-form-control-wrap\" data-name=\"Tel_Wearer\"><input size=\"40\" maxlength=\"400\" class=\"wpcf7-form-control wpcf7-tel wpcf7-text wpcf7-validates-as-tel\" aria-invalid=\"false\" placeholder=\"Tel. (tags\u00fcber)\" value=\"\" type=\"tel\" name=\"Tel_Wearer\" \/><\/span>\n\n<b>Besteller-\/Rechnungsadresse:<\/b>\n<span class=\"wpcf7-form-control-wrap\" data-name=\"Name_Firma_Invoice\"><input size=\"40\" maxlength=\"400\" class=\"wpcf7-form-control wpcf7-text\" aria-invalid=\"false\" placeholder=\"Vor- und Nachname \/ Firma (leer = identisch wie oben)\" value=\"\" type=\"text\" name=\"Name_Firma_Invoice\" \/><\/span>\n\n<span class=\"wpcf7-form-control-wrap\" data-name=\"Strasse_Invoice\"><input size=\"40\" maxlength=\"400\" class=\"wpcf7-form-control wpcf7-text wpcf7-validates-as-required\" aria-required=\"true\" aria-invalid=\"false\" placeholder=\"*Strasse, Nr.\" value=\"\" type=\"text\" name=\"Strasse_Invoice\" \/><\/span>\n\n<span class=\"wpcf7-form-control-wrap\" data-name=\"PLZ_Ort_Invoice\"><input size=\"40\" maxlength=\"400\" class=\"wpcf7-form-control wpcf7-text wpcf7-validates-as-required\" aria-required=\"true\" aria-invalid=\"false\" placeholder=\"*PLZ, Ort\" value=\"\" type=\"text\" name=\"PLZ_Ort_Invoice\" \/><\/span>\n\n<span class=\"wpcf7-form-control-wrap\" data-name=\"Email_Invoice\"><input size=\"40\" maxlength=\"400\" class=\"wpcf7-form-control wpcf7-email wpcf7-text wpcf7-validates-as-email\" aria-invalid=\"false\" placeholder=\"E-Mail (leer = identisch wie oben)\" value=\"\" type=\"email\" name=\"Email_Invoice\" \/><\/span>\n\n<span class=\"wpcf7-form-control-wrap\" data-name=\"Tel_Invoice\"><input size=\"40\" maxlength=\"400\" class=\"wpcf7-form-control wpcf7-tel wpcf7-validates-as-required wpcf7-text wpcf7-validates-as-tel\" aria-required=\"true\" aria-invalid=\"false\" placeholder=\"*Tel. (tags\u00fcber)\" value=\"\" type=\"tel\" name=\"Tel_Invoice\" \/><\/span>\n\n<b>Lieferadresse:<\/b>\n<span class=\"wpcf7-form-control-wrap\" data-name=\"checkbox-267\"><span class=\"wpcf7-form-control wpcf7-checkbox wpcf7-validates-as-required wpcf7-exclusive-checkbox\"><span class=\"wpcf7-list-item first\"><input type=\"checkbox\" name=\"checkbox-267\" value=\"*Wie Rechnungsadresse\" \/><span class=\"wpcf7-list-item-label\">*Wie Rechnungsadresse<\/span><\/span><span class=\"wpcf7-list-item\"><input type=\"checkbox\" name=\"checkbox-267\" value=\"*Wird abgeholt\" \/><span class=\"wpcf7-list-item-label\">*Wird abgeholt<\/span><\/span><span class=\"wpcf7-list-item last\"><input type=\"checkbox\" name=\"checkbox-267\" value=\"*Andere Lieferadresse (bitte nachfolgend angeben)\" \/><span class=\"wpcf7-list-item-label\">*Andere Lieferadresse (bitte nachfolgend angeben)<\/span><\/span><\/span><\/span>\n\n<span class=\"wpcf7-form-control-wrap\" data-name=\"Name_Firma_Delivery\"><input size=\"40\" maxlength=\"400\" class=\"wpcf7-form-control wpcf7-text\" aria-invalid=\"false\" placeholder=\"Vor- und Nachname \/ Firma\" value=\"\" type=\"text\" name=\"Name_Firma_Delivery\" \/><\/span>\n\n<span class=\"wpcf7-form-control-wrap\" data-name=\"Strasse_Delivery\"><input size=\"40\" maxlength=\"400\" class=\"wpcf7-form-control wpcf7-text\" aria-invalid=\"false\" placeholder=\"Strasse, Postfach, Nr.\" value=\"\" type=\"text\" name=\"Strasse_Delivery\" \/><\/span>\n\n<span class=\"wpcf7-form-control-wrap\" data-name=\"PLZ_Ort_Delivery\"><input size=\"40\" maxlength=\"400\" class=\"wpcf7-form-control wpcf7-text\" aria-invalid=\"false\" placeholder=\"PLZ, Ort\" value=\"\" type=\"text\" name=\"PLZ_Ort_Delivery\" \/><\/span>\n&nbsp <br \/>\n\n<b>Ich bestelle hiermit 1 St\u00fcck des folgenden Produkts von Porter & Davies:<\/b>\n\n<span class=\"wpcf7-form-control-wrap\" data-name=\"menu-352\"><select class=\"wpcf7-form-control wpcf7-select wpcf7-validates-as-required\" aria-required=\"true\" aria-invalid=\"false\" name=\"menu-352\"><option value=\"(bitte ausw\u00e4hlen)\">(bitte ausw\u00e4hlen)<\/option><option value=\"BC-X\">BC-X<\/option><option value=\"BC-X Bundle inkl. Case\">BC-X Bundle inkl. Case<\/option><option value=\"BC Gigster\">BC Gigster<\/option><option value=\"BC2\">BC2<\/option><option value=\"BC2rm\">BC2rm<\/option><option value=\"TT6 Drumsitz\">TT6 Drumsitz<\/option><option value=\"andere Produkte oder Zubeh\u00f6r (bitte unten angeben)\">andere Produkte oder Zubeh\u00f6r (bitte unten angeben)<\/option><\/select><\/span>\n\n<span class=\"wpcf7-form-control-wrap\" data-name=\"Bemerkungen1_Model\"><input size=\"40\" maxlength=\"400\" class=\"wpcf7-form-control wpcf7-text\" aria-invalid=\"false\" placeholder=\"andere Produkte, Zubeh\u00f6r, Bemerkungen etc.\" value=\"\" type=\"text\" name=\"Bemerkungen1_Model\" \/><\/span>\n\nWahl des Drumsitzes, Details unter:<A class=\"\" target=\"_blank\" href=https:\/\/www.sonicdesign.ch\/pd\/de\/#section-design> Throne Styles<\/A>):\n<span class=\"wpcf7-form-control-wrap\" data-name=\"Throne_Style\"><input size=\"40\" maxlength=\"400\" class=\"wpcf7-form-control wpcf7-text\" aria-invalid=\"false\" placeholder=\"Gr\u00f6sse (Sattel normal \/ breit, Rund) und Farbe\/Material (Black Vinyl, Black Velvet, British Racing Green Velvet, Purple Velvet, Battleship Grey Velvet\" value=\"\" type=\"text\" name=\"Throne_Style\" \/><\/span>\n\n\n<span class=\"wpcf7-form-control-wrap\" data-name=\"acceptance-18\"><span class=\"wpcf7-form-control wpcf7-acceptance\"><span class=\"wpcf7-list-item\"><input type=\"checkbox\" name=\"acceptance-18\" value=\"1\" aria-invalid=\"false\" \/><\/span><\/span><\/span> *Ich akzeptiere <A class=\"\" target=\"_blank\" href=https:\/\/www.sonicdesign.ch\/wp-content\/uploads\/download-files\/Preisliste_Porter&Davies.pdf>Preise und AGB<\/A> Bereich Verkauf Ultimate Ears \/ Porter & Davies der R+R SonicDesign AG.\n\n\n<br>\n<\/p>\n<p><input class=\"wpcf7-form-control wpcf7-submit has-spinner\" type=\"submit\" value=\"Senden\" \/><\/p><div class=\"wpcf7-response-output\" aria-hidden=\"true\"><\/div>\n<\/form>\n<\/div>\n\n<\/div>\n<div class=\"tab-pane   clearfix\" id=\"t2Tab\">\n\n<div class=\"wpcf7 no-js\" id=\"wpcf7-f6576-o2\" lang=\"de-DE\" dir=\"ltr\" data-wpcf7-id=\"6576\">\n<div class=\"screen-reader-response\"><p role=\"status\" aria-live=\"polite\" aria-atomic=\"true\"><\/p> <ul><\/ul><\/div>\n<form action=\"\/pd\/wp-json\/wp\/v2\/pages\/6524#wpcf7-f6576-o2\" method=\"post\" class=\"wpcf7-form init\" aria-label=\"Kontaktformular\" novalidate=\"novalidate\" data-status=\"init\">\n<fieldset class=\"hidden-fields-container\"><input type=\"hidden\" name=\"_wpcf7\" value=\"6576\" \/><input type=\"hidden\" name=\"_wpcf7_version\" value=\"6.1.5\" \/><input type=\"hidden\" name=\"_wpcf7_locale\" value=\"de_DE\" \/><input type=\"hidden\" name=\"_wpcf7_unit_tag\" value=\"wpcf7-f6576-o2\" \/><input type=\"hidden\" name=\"_wpcf7_container_post\" value=\"0\" \/><input type=\"hidden\" name=\"_wpcf7_posted_data_hash\" value=\"\" \/><input type=\"hidden\" name=\"_wpcf7_recaptcha_response\" value=\"\" \/>\n<\/fieldset>\n<b>Sie m\u00f6chten jemanden mit einem Geschenk erfreuen?<\/b> \nWenn Sie einem Schlagzeuger, einer Schlagzeugerin (vor allem wenn er\/sie mit In-Ears spielt) eine sehr grosse Freude machen m\u00f6chten, dann sind die Produkte von Porter & Davies etwas, das bei jeder Probe und jedem Auftritt an Sie erinnern wird!\n&nbsp <br \/>\n\n<b>Es gibt zwei M\u00f6glichkeiten, jemanden zu beschenken mit Porter & Davies Produkten:<\/b>\nSie k\u00f6nnen entweder einfach das Produkt im Tab \"Einzelbestellung\" ausw\u00e4hlen und auf Ihre Rechnung bestellen. \nOder Sie k\u00f6nnen die beschenkte Person selbst w\u00e4hlen und austesten lassen und nachfolgend einfach einen Gutschein bestellen. Ist die Wahl getroffen, werden wir die Rechnung daf\u00fcr an die unten angegebene Adresse senden.\n&nbsp <br \/>\n\n<b>Ich w\u00fcnsche hiermit einen Gutschein<\/b> \n<span class=\"wpcf7-form-control-wrap\" data-name=\"menu-623\"><select class=\"wpcf7-form-control wpcf7-select wpcf7-validates-as-required\" aria-required=\"true\" aria-invalid=\"false\" name=\"menu-623\"><option value=\"f\u00fcr ein beliebiges Produkt aus dem Sortiment von Porter &amp; Davies\">f\u00fcr ein beliebiges Produkt aus dem Sortiment von Porter &amp; Davies<\/option><option value=\"f\u00fcr einen Maximalbetrag von CHF (nachstehend angeben)\">f\u00fcr einen Maximalbetrag von CHF (nachstehend angeben)<\/option><\/select><\/span>\nMaximalbetrag CHF <span class=\"wpcf7-form-control-wrap\" data-name=\"number-942\"><input class=\"wpcf7-form-control wpcf7-number wpcf7-validates-as-number\" aria-invalid=\"false\" value=\"\" type=\"number\" name=\"number-942\" \/><\/span>\n&nbsp <br \/>\n<b>Angaben zur Person, welche das Porter & Davies Produkt erhalten soll (*=Pflichtfelder):<\/b>\n&nbsp <br \/>\n<span class=\"wpcf7-form-control-wrap\" data-name=\"checkbox-56\"><span class=\"wpcf7-form-control wpcf7-checkbox wpcf7-validates-as-required wpcf7-exclusive-checkbox\"><span class=\"wpcf7-list-item first\"><input type=\"checkbox\" name=\"checkbox-56\" value=\"*Herr\" \/><span class=\"wpcf7-list-item-label\">*Herr<\/span><\/span><span class=\"wpcf7-list-item last\"><input type=\"checkbox\" name=\"checkbox-56\" value=\"*Frau\" \/><span class=\"wpcf7-list-item-label\">*Frau<\/span><\/span><\/span><\/span>\n\n<span class=\"wpcf7-form-control-wrap\" data-name=\"Name_Wearer\"><input size=\"40\" maxlength=\"400\" class=\"wpcf7-form-control wpcf7-text wpcf7-validates-as-required\" aria-required=\"true\" aria-invalid=\"false\" placeholder=\"*Vor- und Nachname\" value=\"\" type=\"text\" name=\"Name_Wearer\" \/><\/span>\n\n<span class=\"wpcf7-form-control-wrap\" data-name=\"Email_Wearer\"><input size=\"40\" maxlength=\"400\" class=\"wpcf7-form-control wpcf7-email wpcf7-validates-as-required wpcf7-text wpcf7-validates-as-email\" aria-required=\"true\" aria-invalid=\"false\" placeholder=\"*E-Mail\" value=\"\" type=\"email\" name=\"Email_Wearer\" \/><\/span>\n\n<span class=\"wpcf7-form-control-wrap\" data-name=\"Tel_Wearer\"><input size=\"40\" maxlength=\"400\" class=\"wpcf7-form-control wpcf7-tel wpcf7-text wpcf7-validates-as-tel\" aria-invalid=\"false\" placeholder=\"Tel. (tags\u00fcber)\" value=\"\" type=\"tel\" name=\"Tel_Wearer\" \/><\/span>\n&nbsp <br \/>\n\n<b>Besteller-\/Rechnungsadresse:<\/b>\n<span class=\"wpcf7-form-control-wrap\" data-name=\"Name_Firma_Invoice\"><input size=\"40\" maxlength=\"400\" class=\"wpcf7-form-control wpcf7-text wpcf7-validates-as-required\" aria-required=\"true\" aria-invalid=\"false\" placeholder=\"*Vor- und Nachname \/ Firma\" value=\"\" type=\"text\" name=\"Name_Firma_Invoice\" \/><\/span>\n\n<span class=\"wpcf7-form-control-wrap\" data-name=\"Strasse_Invoice\"><input size=\"40\" maxlength=\"400\" class=\"wpcf7-form-control wpcf7-text wpcf7-validates-as-required\" aria-required=\"true\" aria-invalid=\"false\" placeholder=\"*Strasse, Nr.\" value=\"\" type=\"text\" name=\"Strasse_Invoice\" \/><\/span>\n\n<span class=\"wpcf7-form-control-wrap\" data-name=\"PLZ_Ort_Invoice\"><input size=\"40\" maxlength=\"400\" class=\"wpcf7-form-control wpcf7-text wpcf7-validates-as-required\" aria-required=\"true\" aria-invalid=\"false\" placeholder=\"*PLZ, Ort\" value=\"\" type=\"text\" name=\"PLZ_Ort_Invoice\" \/><\/span>\n\n<span class=\"wpcf7-form-control-wrap\" data-name=\"Email_Invoice\"><input size=\"40\" maxlength=\"400\" class=\"wpcf7-form-control wpcf7-email wpcf7-validates-as-required wpcf7-text wpcf7-validates-as-email\" aria-required=\"true\" aria-invalid=\"false\" placeholder=\"*E-Mail\" value=\"\" type=\"email\" name=\"Email_Invoice\" \/><\/span>\n\n<span class=\"wpcf7-form-control-wrap\" data-name=\"Tel_Invoice\"><input size=\"40\" maxlength=\"400\" class=\"wpcf7-form-control wpcf7-tel wpcf7-validates-as-required wpcf7-text wpcf7-validates-as-tel\" aria-required=\"true\" aria-invalid=\"false\" placeholder=\"*Tel. (tags\u00fcber)\" value=\"\" type=\"tel\" name=\"Tel_Invoice\" \/><\/span>\n\n<b>Lieferadresse:<\/b>\n<span class=\"wpcf7-form-control-wrap\" data-name=\"checkbox-267\"><span class=\"wpcf7-form-control wpcf7-checkbox wpcf7-validates-as-required wpcf7-exclusive-checkbox\"><span class=\"wpcf7-list-item first\"><input type=\"checkbox\" name=\"checkbox-267\" value=\"*Wie Rechnungsadresse\" \/><span class=\"wpcf7-list-item-label\">*Wie Rechnungsadresse<\/span><\/span><span class=\"wpcf7-list-item\"><input type=\"checkbox\" name=\"checkbox-267\" value=\"*Wird abgeholt\" \/><span class=\"wpcf7-list-item-label\">*Wird abgeholt<\/span><\/span><span class=\"wpcf7-list-item last\"><input type=\"checkbox\" name=\"checkbox-267\" value=\"*Andere Lieferadresse (bitte nachfolgend angeben)\" \/><span class=\"wpcf7-list-item-label\">*Andere Lieferadresse (bitte nachfolgend angeben)<\/span><\/span><\/span><\/span>\n\n<span class=\"wpcf7-form-control-wrap\" data-name=\"Name_Firma_Delivery\"><input size=\"40\" maxlength=\"400\" class=\"wpcf7-form-control wpcf7-text\" aria-invalid=\"false\" placeholder=\"Vor- und Nachname \/ Firma\" value=\"\" type=\"text\" name=\"Name_Firma_Delivery\" \/><\/span>\n\n<span class=\"wpcf7-form-control-wrap\" data-name=\"Strasse_Delivery\"><input size=\"40\" maxlength=\"400\" class=\"wpcf7-form-control wpcf7-text\" aria-invalid=\"false\" placeholder=\"Strasse, Nr.\" value=\"\" type=\"text\" name=\"Strasse_Delivery\" \/><\/span>\n\n<span class=\"wpcf7-form-control-wrap\" data-name=\"PLZ_Ort_Delivery\"><input size=\"40\" maxlength=\"400\" class=\"wpcf7-form-control wpcf7-text\" aria-invalid=\"false\" placeholder=\"PLZ, Ort\" value=\"\" type=\"text\" name=\"PLZ_Ort_Delivery\" \/><\/span>\n&nbsp <br \/>\n\n<span class=\"wpcf7-form-control-wrap\" data-name=\"Bemerkungen\"><input size=\"40\" maxlength=\"400\" class=\"wpcf7-form-control wpcf7-text\" aria-invalid=\"false\" placeholder=\"Bemerkungen (zB Termine, auf dem Gutschein gew\u00fcnschte spezielle Vermerke etc.)\" value=\"\" type=\"text\" name=\"Bemerkungen\" \/><\/span>\n\n<br>\n<\/p>\n<span class=\"wpcf7-form-control-wrap\" data-name=\"acceptance-18\"><span class=\"wpcf7-form-control wpcf7-acceptance\"><span class=\"wpcf7-list-item\"><input type=\"checkbox\" name=\"acceptance-18\" value=\"1\" aria-invalid=\"false\" \/><\/span><\/span><\/span> *Ich akzeptiere <A class=\"\" target=\"_blank\" href=https:\/\/www.sonicdesign.ch\/wp-content\/uploads\/download-files\/Preisliste_Porter&Davies.pdf>Preise und AGB<\/A> Bereich Verkauf Ultimate Ears \/ Porter & Davies der R+R SonicDesign AG.\n<br>\n<p><input class=\"wpcf7-form-control wpcf7-submit has-spinner\" type=\"submit\" value=\"Senden\" \/><\/p><div class=\"wpcf7-response-output\" aria-hidden=\"true\"><\/div>\n<\/form>\n<\/div>\n\n<\/div>\n<div class=\"tab-pane   clearfix\" id=\"t3Tab\">\nSobald Sie uns Ihre Bestellung zugesandt haben, erhalten Sie von uns eine Best\u00e4tigung inkl. Rechnung mit allen Kontoangaben.<br \/>\nIst Ihre Bestellung <em>sehr dringend<\/em>, k\u00f6nnen Sie den gem\u00e4ss unserer aktuellen <a class=\"\" href=\"https:\/\/www.sonicdesign.ch\/wp-content\/uploads\/download-files\/Preisliste_PD.pdf\" target=\"_blank\" rel=\"noopener\">Preisliste<\/a> ermittelten Gesamtpreis (zzgl. 3.5% Geb\u00fchren und CHF 25.00 Versandkosten) auch nachfolgend per Paypal bezahlen.<\/p>\n<p>Bitte beachten:<br \/>\nGeben Sie unter &#8222;Mitteilungen an den Zahlungsempf\u00e4nger&#8220; bitte unsere Rechnungs-Nr. an (falls vorhanden), sonst die Rechnungsanschrift Ihrer Bestellung (Vor-\/Nachname oder Firma).<\/p>\n<form action=\"https:\/\/www.paypal.com\/cgi-bin\/webscr\" method=\"post\" target=\"_top\"><input name=\"cmd\" type=\"hidden\" value=\"_s-xclick\" \/><br \/>\n<input name=\"hosted_button_id\" type=\"hidden\" value=\"EKR8DZM46AQKQ\" \/><br \/>\n<input style=\"max-width: 150px;\" alt=\"Jetzt einfach, schnell und sicher online bezahlen \u2013 mit PayPal.\" name=\"submit\" src=\"https:\/\/www.paypalobjects.com\/de_DE\/CH\/i\/btn\/btn_buynowCC_LG.gif\" type=\"image\" \/><br \/>\n<img loading=\"lazy\" decoding=\"async\" src=\"https:\/\/www.paypalobjects.com\/de_DE\/i\/scr\/pixel.gif\" alt=\"\" width=\"1\" height=\"1\" border=\"0\" \/><\/form>\n<\/div><\/div>\n\n","protected":false},"excerpt":{"rendered":"EINZELBESTELLUNG GESCHENKGUTSCHEINE BEZAHLEN Ich bestelle f\u00fcr mich Ich m\u00f6chte jemandem ein Geschenk machen (falls Gutschein gew\u00fcnscht, bitte auch Tab &#039;Geschenkgutscheine&#039; ausf\u00fcllen) &nbsp Angaben zur Person, welche die Porter & Davies Produkte einsetzen wird (*=Pflichtfelder): &nbsp *Herr*Frau Besteller-\/Rechnungsadresse: Lieferadresse: *Wie Rechnungsadresse*Wird abgeholt*Andere Lieferadresse (bitte nachfolgend angeben) &nbsp Ich bestelle hiermit 1 St\u00fcck des folgenden Produkts von [...]","protected":false},"author":2,"featured_media":0,"parent":0,"menu_order":0,"comment_status":"closed","ping_status":"closed","template":"","meta":{"footnotes":""},"class_list":["post-6524","page","type-page","status-publish","hentry"],"_links":{"self":[{"href":"https:\/\/www.sonicdesign.ch\/pd\/wp-json\/wp\/v2\/pages\/6524","targetHints":{"allow":["GET"]}}],"collection":[{"href":"https:\/\/www.sonicdesign.ch\/pd\/wp-json\/wp\/v2\/pages"}],"about":[{"href":"https:\/\/www.sonicdesign.ch\/pd\/wp-json\/wp\/v2\/types\/page"}],"author":[{"embeddable":true,"href":"https:\/\/www.sonicdesign.ch\/pd\/wp-json\/wp\/v2\/users\/2"}],"replies":[{"embeddable":true,"href":"https:\/\/www.sonicdesign.ch\/pd\/wp-json\/wp\/v2\/comments?post=6524"}],"version-history":[{"count":64,"href":"https:\/\/www.sonicdesign.ch\/pd\/wp-json\/wp\/v2\/pages\/6524\/revisions"}],"predecessor-version":[{"id":7570,"href":"https:\/\/www.sonicdesign.ch\/pd\/wp-json\/wp\/v2\/pages\/6524\/revisions\/7570"}],"wp:attachment":[{"href":"https:\/\/www.sonicdesign.ch\/pd\/wp-json\/wp\/v2\/media?parent=6524"}],"curies":[{"name":"wp","href":"https:\/\/api.w.org\/{rel}","templated":true}]}}