{"id":7778,"date":"2026-04-20T09:57:30","date_gmt":"2026-04-20T07:57:30","guid":{"rendered":"https:\/\/www.sonicdesign.ch\/ue\/?page_id=7778"},"modified":"2026-04-20T09:57:30","modified_gmt":"2026-04-20T07:57:30","slug":"anfrage-zubehoer","status":"publish","type":"page","link":"https:\/\/www.sonicdesign.ch\/ue\/anfrage-zubehoer\/","title":{"rendered":"ANFRAGE ZUBEH\u00d6R"},"content":{"rendered":"\n<!-- the tabs --><ul class=\"ut-nav-tabs clearfix\"><li class=\"active\"><a href=\"#t1Tab\" data-toggle=\"tab\">IEM SIGNAL\u00dcBERTRAGUNG<\/a><\/li><\/ul>\n<!-- tab \"panes\" --><div class=\"ut-tab-content entry-content clearfix\"><div class=\"tab-pane active  clearfix\" id=\"t1Tab\">\n<div class=\"wpcf7 no-js\" id=\"wpcf7-f7777-o1\" lang=\"de-DE\" dir=\"ltr\" data-wpcf7-id=\"7777\">\n<div class=\"screen-reader-response\"><p role=\"status\" aria-live=\"polite\" aria-atomic=\"true\"><\/p> <ul><\/ul><\/div>\n<form action=\"\/ue\/wp-json\/wp\/v2\/pages\/7778#wpcf7-f7777-o1\" method=\"post\" class=\"wpcf7-form init\" aria-label=\"Kontaktformular\" enctype=\"multipart\/form-data\" novalidate=\"novalidate\" data-status=\"init\">\n<fieldset class=\"hidden-fields-container\"><input type=\"hidden\" name=\"_wpcf7\" value=\"7777\" \/><input type=\"hidden\" name=\"_wpcf7_version\" value=\"6.1.5\" \/><input type=\"hidden\" name=\"_wpcf7_locale\" value=\"de_DE\" \/><input type=\"hidden\" name=\"_wpcf7_unit_tag\" value=\"wpcf7-f7777-o1\" \/><input type=\"hidden\" name=\"_wpcf7_container_post\" value=\"0\" \/><input type=\"hidden\" name=\"_wpcf7_posted_data_hash\" value=\"\" \/><input type=\"hidden\" name=\"_wpcf7_recaptcha_response\" value=\"\" \/>\n<\/fieldset>\n<span class=\"wpcf7-form-control-wrap\" data-name=\"checkbox-225\"><span class=\"wpcf7-form-control wpcf7-checkbox wpcf7-exclusive-checkbox\"><span class=\"wpcf7-list-item first last\"><input type=\"checkbox\" name=\"checkbox-225\" value=\"Ich habe Fragen zur optimalen IEM Signal\u00fcbertragung, bitte kontaktieren Sie mich\" \/><span class=\"wpcf7-list-item-label\">Ich habe Fragen zur optimalen IEM Signal\u00fcbertragung, bitte kontaktieren Sie mich<\/span><\/span><\/span><\/span>\n<span class=\"wpcf7-form-control-wrap\" data-name=\"checkbox-600\"><span class=\"wpcf7-form-control wpcf7-checkbox wpcf7-exclusive-checkbox\"><span class=\"wpcf7-list-item first last\"><input type=\"checkbox\" name=\"checkbox-600\" value=\"Ich w\u00fcnsche eine Offerte\" \/><span class=\"wpcf7-list-item-label\">Ich w\u00fcnsche eine Offerte<\/span><\/span><\/span><\/span>\n<span class=\"wpcf7-form-control-wrap\" data-name=\"checkbox-205\"><span class=\"wpcf7-form-control wpcf7-checkbox wpcf7-exclusive-checkbox\"><span class=\"wpcf7-list-item first last\"><input type=\"checkbox\" name=\"checkbox-205\" value=\"Ich m\u00f6chte wie folgt bestellen, bitte best\u00e4tigen Sie mir den Auftrag\" \/><span class=\"wpcf7-list-item-label\">Ich m\u00f6chte wie folgt bestellen, bitte best\u00e4tigen Sie mir den Auftrag<\/span><\/span><\/span><\/span>\n&nbsp <br \/>\n&nbsp <br \/>\n\n<b>Angaben zur Kontaktperson (*=Pflichtfelder):<\/b>\n&nbsp <br \/>\n<span class=\"wpcf7-form-control-wrap\" data-name=\"checkbox-56\"><span class=\"wpcf7-form-control wpcf7-checkbox wpcf7-validates-as-required wpcf7-exclusive-checkbox\"><span class=\"wpcf7-list-item first\"><input type=\"checkbox\" name=\"checkbox-56\" value=\"*Herr\" \/><span class=\"wpcf7-list-item-label\">*Herr<\/span><\/span><span class=\"wpcf7-list-item last\"><input type=\"checkbox\" name=\"checkbox-56\" value=\"*Frau\" \/><span class=\"wpcf7-list-item-label\">*Frau<\/span><\/span><\/span><\/span>\n\n<span class=\"wpcf7-form-control-wrap\" data-name=\"Name_Contact\"><input size=\"40\" maxlength=\"400\" class=\"wpcf7-form-control wpcf7-text wpcf7-validates-as-required\" aria-required=\"true\" aria-invalid=\"false\" placeholder=\"*Vor- und Nachname\" value=\"\" type=\"text\" name=\"Name_Contact\" \/><\/span>\n\n<span class=\"wpcf7-form-control-wrap\" data-name=\"Email_Contact\"><input size=\"40\" maxlength=\"400\" class=\"wpcf7-form-control wpcf7-email wpcf7-validates-as-required wpcf7-text wpcf7-validates-as-email\" aria-required=\"true\" aria-invalid=\"false\" placeholder=\"*E-Mail\" value=\"\" type=\"email\" name=\"Email_Contact\" \/><\/span>\n\n<span class=\"wpcf7-form-control-wrap\" data-name=\"Tel_Contact\"><input size=\"40\" maxlength=\"400\" class=\"wpcf7-form-control wpcf7-tel wpcf7-validates-as-required wpcf7-text wpcf7-validates-as-tel\" aria-required=\"true\" aria-invalid=\"false\" placeholder=\"*Tel. (tags\u00fcber)\" value=\"\" type=\"tel\" name=\"Tel_Contact\" \/><\/span>\n\n\n<b>Besteller-\/Rechnungsadresse:<\/b>\n<span class=\"wpcf7-form-control-wrap\" data-name=\"Name_Firma_Invoice\"><input size=\"40\" maxlength=\"400\" class=\"wpcf7-form-control wpcf7-text\" aria-invalid=\"false\" placeholder=\"Vor- und Nachname \/ Firma (leer = identisch wie oben)\" value=\"\" type=\"text\" name=\"Name_Firma_Invoice\" \/><\/span>\n\n<span class=\"wpcf7-form-control-wrap\" data-name=\"Strasse_Invoice\"><input size=\"40\" maxlength=\"400\" class=\"wpcf7-form-control wpcf7-text wpcf7-validates-as-required\" aria-required=\"true\" aria-invalid=\"false\" placeholder=\"*Strasse, Nr.\" value=\"\" type=\"text\" name=\"Strasse_Invoice\" \/><\/span>\n\n<span class=\"wpcf7-form-control-wrap\" data-name=\"PLZ_Ort_Invoice\"><input size=\"40\" maxlength=\"400\" class=\"wpcf7-form-control wpcf7-text wpcf7-validates-as-required\" aria-required=\"true\" aria-invalid=\"false\" placeholder=\"*PLZ, Ort\" value=\"\" type=\"text\" name=\"PLZ_Ort_Invoice\" \/><\/span>\n\n<span class=\"wpcf7-form-control-wrap\" data-name=\"Email_Invoice\"><input size=\"40\" maxlength=\"400\" class=\"wpcf7-form-control wpcf7-email wpcf7-text wpcf7-validates-as-email\" aria-invalid=\"false\" placeholder=\"E-Mail (leer = identisch wie oben)\" value=\"\" type=\"email\" name=\"Email_Invoice\" \/><\/span>\n\n<span class=\"wpcf7-form-control-wrap\" data-name=\"Tel_Invoice\"><input size=\"40\" maxlength=\"400\" class=\"wpcf7-form-control wpcf7-tel wpcf7-text wpcf7-validates-as-tel\" aria-invalid=\"false\" placeholder=\"Tel. tags\u00fcber (leer = identisch wie oben)\" value=\"\" type=\"tel\" name=\"Tel_Invoice\" \/><\/span>\n\n<b>Lieferadresse:&nbsp<\/b>\n<span class=\"wpcf7-form-control-wrap\" data-name=\"checkbox-267\"><span class=\"wpcf7-form-control wpcf7-checkbox wpcf7-validates-as-required wpcf7-exclusive-checkbox\"><span class=\"wpcf7-list-item first\"><input type=\"checkbox\" name=\"checkbox-267\" value=\"*Wie Rechnungsadresse\" \/><span class=\"wpcf7-list-item-label\">*Wie Rechnungsadresse<\/span><\/span><span class=\"wpcf7-list-item\"><input type=\"checkbox\" name=\"checkbox-267\" value=\"*Wird abgeholt\" \/><span class=\"wpcf7-list-item-label\">*Wird abgeholt<\/span><\/span><span class=\"wpcf7-list-item last\"><input type=\"checkbox\" name=\"checkbox-267\" value=\"*Andere Lieferadresse (bitte nachfolgend angeben)\" \/><span class=\"wpcf7-list-item-label\">*Andere Lieferadresse (bitte nachfolgend angeben)<\/span><\/span><\/span><\/span>\n\n<span class=\"wpcf7-form-control-wrap\" data-name=\"Name_Firma_Delivery\"><input size=\"40\" maxlength=\"400\" class=\"wpcf7-form-control wpcf7-text\" aria-invalid=\"false\" placeholder=\"Vor- und Nachname \/ Firma\" value=\"\" type=\"text\" name=\"Name_Firma_Delivery\" \/><\/span>\n\n<span class=\"wpcf7-form-control-wrap\" data-name=\"Strasse_Delivery\"><input size=\"40\" maxlength=\"400\" class=\"wpcf7-form-control wpcf7-text\" aria-invalid=\"false\" placeholder=\"Strasse, Postfach, Nr.\" value=\"\" type=\"text\" name=\"Strasse_Delivery\" \/><\/span>\n\n<span class=\"wpcf7-form-control-wrap\" data-name=\"PLZ_Ort_Delivery\"><input size=\"40\" maxlength=\"400\" class=\"wpcf7-form-control wpcf7-text\" aria-invalid=\"false\" placeholder=\"PLZ, Ort\" value=\"\" type=\"text\" name=\"PLZ_Ort_Delivery\" \/><\/span>\n&nbsp <br \/>\n\n<b>Signal\u00fcbertragungssystem f\u00fcr IEM:<\/b>\n&nbsp <br \/>\n\n<span class=\"wpcf7-form-control-wrap\" data-name=\"checkbox-496\"><span class=\"wpcf7-form-control wpcf7-checkbox\"><span class=\"wpcf7-list-item first\"><label><input type=\"checkbox\" name=\"checkbox-496[]\" value=\"Fischer Amps InEar Stick\" \/><span class=\"wpcf7-list-item-label\">Fischer Amps InEar Stick<\/span><\/label><\/span><span class=\"wpcf7-list-item\"><label><input type=\"checkbox\" name=\"checkbox-496[]\" value=\"Fischer Amps Mini Body Pack 2\" \/><span class=\"wpcf7-list-item-label\">Fischer Amps Mini Body Pack 2<\/span><\/label><\/span><span class=\"wpcf7-list-item last\"><label><input type=\"checkbox\" name=\"checkbox-496[]\" value=\"Fischer Amps sonstige (bitte kontaktieren Sie mich)\" \/><span class=\"wpcf7-list-item-label\">Fischer Amps sonstige (bitte kontaktieren Sie mich)<\/span><\/label><\/span><\/span><\/span>&nbsp <br \/>\n<span class=\"wpcf7-form-control-wrap\" data-name=\"checkbox-50\"><span class=\"wpcf7-form-control wpcf7-checkbox\"><span class=\"wpcf7-list-item first\"><label><input type=\"checkbox\" name=\"checkbox-50[]\" value=\"Acemic S1A\" \/><span class=\"wpcf7-list-item-label\">Acemic S1A<\/span><\/label><\/span><span class=\"wpcf7-list-item\"><label><input type=\"checkbox\" name=\"checkbox-50[]\" value=\"Acemic S2A\" \/><span class=\"wpcf7-list-item-label\">Acemic S2A<\/span><\/label><\/span><span class=\"wpcf7-list-item\"><label><input type=\"checkbox\" name=\"checkbox-50[]\" value=\"Acemic S4A\" \/><span class=\"wpcf7-list-item-label\">Acemic S4A<\/span><\/label><\/span><span class=\"wpcf7-list-item\"><label><input type=\"checkbox\" name=\"checkbox-50[]\" value=\"Acemic G5\" \/><span class=\"wpcf7-list-item-label\">Acemic G5<\/span><\/label><\/span><span class=\"wpcf7-list-item\"><label><input type=\"checkbox\" name=\"checkbox-50[]\" value=\"Acemic AC700\" \/><span class=\"wpcf7-list-item-label\">Acemic AC700<\/span><\/label><\/span><span class=\"wpcf7-list-item last\"><label><input type=\"checkbox\" name=\"checkbox-50[]\" value=\"Acemic sonstige (bitte kontaktieren Sie mich)\" \/><span class=\"wpcf7-list-item-label\">Acemic sonstige (bitte kontaktieren Sie mich)<\/span><\/label><\/span><\/span><\/span>&nbsp <br \/>\n<span class=\"wpcf7-form-control-wrap\" data-name=\"checkbox-960\"><span class=\"wpcf7-form-control wpcf7-checkbox\"><span class=\"wpcf7-list-item first\"><label><input type=\"checkbox\" name=\"checkbox-960[]\" value=\"Shure PSM 300 Premium\" \/><span class=\"wpcf7-list-item-label\">Shure PSM 300 Premium<\/span><\/label><\/span><span class=\"wpcf7-list-item last\"><label><input type=\"checkbox\" name=\"checkbox-960[]\" value=\"Shure sonstige (bitte kontaktieren Sie mich)\" \/><span class=\"wpcf7-list-item-label\">Shure sonstige (bitte kontaktieren Sie mich)<\/span><\/label><\/span><\/span><\/span>&nbsp <br \/>\n<span class=\"wpcf7-form-control-wrap\" data-name=\"checkbox-898\"><span class=\"wpcf7-form-control wpcf7-checkbox\"><span class=\"wpcf7-list-item first\"><label><input type=\"checkbox\" name=\"checkbox-898[]\" value=\"Sennheiser IEM G4\" \/><span class=\"wpcf7-list-item-label\">Sennheiser IEM G4<\/span><\/label><\/span><span class=\"wpcf7-list-item last\"><label><input type=\"checkbox\" name=\"checkbox-898[]\" value=\"Sennheiser sonstige (bitte kontaktieren Sie mich)\" \/><span class=\"wpcf7-list-item-label\">Sennheiser sonstige (bitte kontaktieren Sie mich)<\/span><\/label><\/span><\/span><\/span>&nbsp <br \/>\n\n<b>Zubeh\u00f6r \/ Dienstleistungen:<\/b>\n&nbsp <br \/>\n\n<span class=\"wpcf7-form-control-wrap\" data-name=\"checkbox-191\"><span class=\"wpcf7-form-control wpcf7-checkbox\"><span class=\"wpcf7-list-item first\"><label><input type=\"checkbox\" name=\"checkbox-191[]\" value=\"Passendes Rack zu oben ausgew\u00e4hlten Ger\u00e4ten\" \/><span class=\"wpcf7-list-item-label\">Passendes Rack zu oben ausgew\u00e4hlten Ger\u00e4ten<\/span><\/label><\/span><span class=\"wpcf7-list-item\"><label><input type=\"checkbox\" name=\"checkbox-191[]\" value=\"Rackschublade mit Schaumstoff-Inlet\" \/><span class=\"wpcf7-list-item-label\">Rackschublade mit Schaumstoff-Inlet<\/span><\/label><\/span><span class=\"wpcf7-list-item\"><label><input type=\"checkbox\" name=\"checkbox-191[]\" value=\"Rackeinbau, Verdrahtung, Anschlusspanel\" \/><span class=\"wpcf7-list-item-label\">Rackeinbau, Verdrahtung, Anschlusspanel<\/span><\/label><\/span><span class=\"wpcf7-list-item last\"><label><input type=\"checkbox\" name=\"checkbox-191[]\" value=\"Instruktion zum optimalen Einsatz, Soundcheck -Assistenz im Proberaum\" \/><span class=\"wpcf7-list-item-label\">Instruktion zum optimalen Einsatz, Soundcheck -Assistenz im Proberaum<\/span><\/label><\/span><\/span><\/span>\n&nbsp <br \/>\n&nbsp <br \/>\n\n<span class=\"wpcf7-form-control-wrap\" data-name=\"Bemerkungen1\"><input size=\"40\" maxlength=\"400\" class=\"wpcf7-form-control wpcf7-text\" aria-invalid=\"false\" placeholder=\"Bemerkungen, z.B. gew\u00fcnschtes Frequenzband, St\u00fcckzahlen &gt; 1 Stk, Details zu Rack und sonstigem Zubeh\u00f6r etc.\" value=\"\" type=\"text\" name=\"Bemerkungen1\" \/><\/span>\n\n<span class=\"wpcf7-form-control-wrap\" data-name=\"checkbox-820\"><span class=\"wpcf7-form-control wpcf7-checkbox\"><span class=\"wpcf7-list-item first last\"><label><input type=\"checkbox\" name=\"checkbox-820[]\" value=\"Ich\/wir ben\u00f6tige\/n auch noch In-Ears (bitte kontaktieren Sie mich)\" \/><span class=\"wpcf7-list-item-label\">Ich\/wir ben\u00f6tige\/n auch noch In-Ears (bitte kontaktieren Sie mich)<\/span><\/label><\/span><\/span><\/span>\n&nbsp <br \/>\n&nbsp <br \/>\n\nUpload File, zB Schemaskizze, Technical Stage Rider (nur pdf):\n<span class=\"wpcf7-form-control-wrap\" data-name=\"file-859\"><input size=\"40\" class=\"wpcf7-form-control wpcf7-file\" accept=\".pdf,.stl,.png,.ai\" aria-invalid=\"false\" type=\"file\" name=\"file-859\" \/><\/span> <span class=\"wpcf7-form-control-wrap\" data-name=\"file-293\"><input size=\"40\" class=\"wpcf7-form-control wpcf7-file\" accept=\".pdf,.txt\" aria-invalid=\"false\" type=\"file\" name=\"file-293\" \/><\/span>\n\n<span class=\"wpcf7-form-control-wrap\" data-name=\"acceptance-18\"><span class=\"wpcf7-form-control wpcf7-acceptance\"><span class=\"wpcf7-list-item\"><input type=\"checkbox\" name=\"acceptance-18\" value=\"1\" aria-invalid=\"false\" \/><\/span><\/span><\/span> *Ich akzeptiere <A class=\"\" target=\"_blank\" href=https:\/\/www.sonicdesign.ch\/wp-content\/uploads\/download-files\/Preisliste_Ultimate_Ears.pdf>Preise UE und AGB,<\/A> Bereich Verkauf Ultimate Ears der R+R SonicDesign AG.\n\n\n<br>\n<\/p>\n<p><input class=\"wpcf7-form-control wpcf7-submit has-spinner\" type=\"submit\" value=\"Senden\" \/><\/p><div class=\"wpcf7-response-output\" aria-hidden=\"true\"><\/div>\n<\/form>\n<\/div>\n\n<p>\u00a0<\/p>\n<form action=\"https:\/\/www.paypal.com\/cgi-bin\/webscr\" method=\"post\" target=\"_top\"><img loading=\"lazy\" decoding=\"async\" src=\"https:\/\/www.paypalobjects.com\/de_DE\/i\/scr\/pixel.gif\" alt=\"\" width=\"1\" height=\"1\" border=\"0\" \/><\/form>\n\n\n<p><\/p>\n\n\n\n<p><\/p>\n\n\n\n<\/div><\/div>\n\n","protected":false},"excerpt":{"rendered":"IEM SIGNAL\u00dcBERTRAGUNG Ich habe Fragen zur optimalen IEM Signal\u00fcbertragung, bitte kontaktieren Sie mich Ich w\u00fcnsche eine Offerte Ich m\u00f6chte wie folgt bestellen, bitte best\u00e4tigen Sie mir den Auftrag &nbsp &nbsp Angaben zur Kontaktperson (*=Pflichtfelder): &nbsp *Herr*Frau Besteller-\/Rechnungsadresse: Lieferadresse:&nbsp *Wie Rechnungsadresse*Wird abgeholt*Andere Lieferadresse (bitte nachfolgend angeben) &nbsp Signal\u00fcbertragungssystem f\u00fcr IEM: &nbsp Fischer Amps InEar StickFischer Amps [...]","protected":false},"author":2,"featured_media":0,"parent":0,"menu_order":0,"comment_status":"closed","ping_status":"closed","template":"","meta":{"footnotes":""},"class_list":["post-7778","page","type-page","status-publish","hentry"],"_links":{"self":[{"href":"https:\/\/www.sonicdesign.ch\/ue\/wp-json\/wp\/v2\/pages\/7778","targetHints":{"allow":["GET"]}}],"collection":[{"href":"https:\/\/www.sonicdesign.ch\/ue\/wp-json\/wp\/v2\/pages"}],"about":[{"href":"https:\/\/www.sonicdesign.ch\/ue\/wp-json\/wp\/v2\/types\/page"}],"author":[{"embeddable":true,"href":"https:\/\/www.sonicdesign.ch\/ue\/wp-json\/wp\/v2\/users\/2"}],"replies":[{"embeddable":true,"href":"https:\/\/www.sonicdesign.ch\/ue\/wp-json\/wp\/v2\/comments?post=7778"}],"version-history":[{"count":1,"href":"https:\/\/www.sonicdesign.ch\/ue\/wp-json\/wp\/v2\/pages\/7778\/revisions"}],"predecessor-version":[{"id":7779,"href":"https:\/\/www.sonicdesign.ch\/ue\/wp-json\/wp\/v2\/pages\/7778\/revisions\/7779"}],"wp:attachment":[{"href":"https:\/\/www.sonicdesign.ch\/ue\/wp-json\/wp\/v2\/media?parent=7778"}],"curies":[{"name":"wp","href":"https:\/\/api.w.org\/{rel}","templated":true}]}}